{"id":2,"date":"2013-12-27T10:42:39","date_gmt":"2013-12-27T10:42:39","guid":{"rendered":"http:\/\/www.lawskistiftelsen.se\/?page_id=2"},"modified":"2018-09-12T10:46:35","modified_gmt":"2018-09-12T08:46:35","slug":"exempelsida","status":"publish","type":"page","link":"https:\/\/www.lawskistiftelsen.se\/","title":{"rendered":"Hem"},"content":{"rendered":"<div style=\"float: right; width: 350px; padding: 10px; margin-left: 10px; border: 1px solid #f0f0f0; text-align: center;\">\n<p><img decoding=\"async\" src=\".\/wp-content\/uploads\/dna.png\" \/><\/p>\n<div style=\"font-size: 10px; font-style: italic; line-height: 100%; text-align: left;\">Bilden visar hur en transkriptionsfaktor isolerad och strukturbest\u00e4md fr\u00e5n ett bakterievirus bildar en spiralformad struktur d\u00e4r 6 proteinmolekyler bildar ett varv. DNA:t lindas sedan runt spiralen och varvid vissa gener inte kommer till uttryck. Modelleringen har utf\u00f6rts av Ronnie Berntsson och P\u00e5l Stenmark vid Stockholm universitet (Nuceic Acids Res. 2013, 1-11).<\/div>\n<\/div>\n<p>Sven och Lilly Lawskis fond f\u00f6r naturvetenskaplig forskning \u00e4r en stiftelse som bildades i b\u00f6rjan p\u00e5 1960-talet genom en donation av Sven och Lilly Lawski. Stiftelsen delar \u00e5rligen ut ett antal stipendier f\u00f6r avancerade studier, forskarstudier samt forskning inom naturvetenskaplig biokemi och genetik.<\/p>\n<p>Stipendierna \u00e4r skattefria och \u00e4mnade f\u00f6r h\u00f6gre studier i naturvetenskaplig biokemi eller genetik. L\u00e4s mer om stiftelsen och dess \u00e4ndam\u00e5l och verksamhet under <a title=\"Om stiftelsen\" href=\"\/?page_id=5\">Om stiftelsen<\/a> och om ans\u00f6kan om stipendier under <a title=\"Stipendier\" href=\"\/?page_id=7\">Stipendier<\/a>.<\/p>\n<p>Ans\u00f6kningstid f\u00f6r nya stipendier: 1 mars \u2013 15 april<br \/>\nAns\u00f6kningstid f\u00f6r prolongering av tidigare beviljat stipendium eller studiest\u00f6d: 1\u2013 28 februari<\/p>\n","protected":false},"excerpt":{"rendered":"<p>Bilden visar hur en transkriptionsfaktor isolerad och strukturbest\u00e4md fr\u00e5n ett bakterievirus bildar en spiralformad struktur d\u00e4r 6 proteinmolekyler bildar ett varv. DNA:t lindas sedan runt spiralen och varvid vissa gener inte kommer till uttryck. Modelleringen har utf\u00f6rts av Ronnie Berntsson &hellip; <a href=\"https:\/\/www.lawskistiftelsen.se\/\">L\u00e4s mer <span class=\"meta-nav\">&rarr;<\/span><\/a><\/p>\n","protected":false},"author":1,"featured_media":0,"parent":0,"menu_order":0,"comment_status":"open","ping_status":"open","template":"","meta":{"footnotes":""},"class_list":["post-2","page","type-page","status-publish","hentry"],"_links":{"self":[{"href":"https:\/\/www.lawskistiftelsen.se\/index.php?rest_route=\/wp\/v2\/pages\/2","targetHints":{"allow":["GET"]}}],"collection":[{"href":"https:\/\/www.lawskistiftelsen.se\/index.php?rest_route=\/wp\/v2\/pages"}],"about":[{"href":"https:\/\/www.lawskistiftelsen.se\/index.php?rest_route=\/wp\/v2\/types\/page"}],"author":[{"embeddable":true,"href":"https:\/\/www.lawskistiftelsen.se\/index.php?rest_route=\/wp\/v2\/users\/1"}],"replies":[{"embeddable":true,"href":"https:\/\/www.lawskistiftelsen.se\/index.php?rest_route=%2Fwp%2Fv2%2Fcomments&post=2"}],"version-history":[{"count":11,"href":"https:\/\/www.lawskistiftelsen.se\/index.php?rest_route=\/wp\/v2\/pages\/2\/revisions"}],"predecessor-version":[{"id":71,"href":"https:\/\/www.lawskistiftelsen.se\/index.php?rest_route=\/wp\/v2\/pages\/2\/revisions\/71"}],"wp:attachment":[{"href":"https:\/\/www.lawskistiftelsen.se\/index.php?rest_route=%2Fwp%2Fv2%2Fmedia&parent=2"}],"curies":[{"name":"wp","href":"https:\/\/api.w.org\/{rel}","templated":true}]}}