{"id":5,"date":"2013-12-27T12:06:48","date_gmt":"2013-12-27T11:06:48","guid":{"rendered":"http:\/\/www.lawskistiftelsen.se\/?page_id=5"},"modified":"2019-12-02T15:49:57","modified_gmt":"2019-12-02T14:49:57","slug":"om-stiftelsen","status":"publish","type":"page","link":"https:\/\/www.lawskistiftelsen.se\/?page_id=5","title":{"rendered":"Om stiftelsen"},"content":{"rendered":"<h2>Om Sven och Lilly Lawskis fond f\u00f6r naturvetenskaplig forskning<\/h2>\n<p><a href=\"http:\/\/www.lawskistiftelsen.se\/wp-content\/uploads\/sven-Lawski.jpg\"><img loading=\"lazy\" decoding=\"async\" class=\"size-full wp-image-25 alignright\" src=\".\/wp-content\/uploads\/sven-Lawski.jpg\" alt=\"sven Lawski\" width=\"270\" height=\"405\" srcset=\"https:\/\/www.lawskistiftelsen.se\/wp-content\/uploads\/sven-Lawski.jpg 270w, https:\/\/www.lawskistiftelsen.se\/wp-content\/uploads\/sven-Lawski-200x300.jpg 200w\" sizes=\"auto, (max-width: 270px) 100vw, 270px\" \/><\/a>Sven Lawski (1881-1963) var en under sin levnadstid v\u00e4lk\u00e4nd jurist verksam i huvudsak som domare. Vid sidan av domarg\u00e4rningen deltog han i lagstiftningsarbeten framf\u00f6r allt p\u00e5 obest\u00e5ndsr\u00e4ttens omr\u00e5de. Han var ledamot av H\u00f6gsta domstolen 1930-1948. Han var gift med Lilly Lawski, som avled \u00e5r 1999. Makarna var barnl\u00f6sa. Fonden inr\u00e4ttades 1960. Huvuddelen av deras tillg\u00e5ngar \u00f6verf\u00f6rdes d\u00e5 till Sven och Lilly Lawskis fond f\u00f6r naturvetenskaplig forskning. Fonden \u00e4r en stiftelse som st\u00e5r under l\u00e4nsstyrelsens tillsyn.<\/p>\n<p>Fonden l\u00e4mnar stipendier till naturvetenskaplig forskning. I donationsurkunden anges att med naturvetenskaplig forskning i f\u00f6rsta hand avses forskning som innefattar klarl\u00e4ggande av det organiska livets uppkomst och av arvsanlagens ledande fr\u00e5n generation till generation eller d\u00e4rmed n\u00e4rst\u00e5ende sp\u00f6rsm\u00e5l. Fonden l\u00e4mnar \u00e4ven studiebidrag till barn till justitier\u00e5d f\u00f6r h\u00f6gre studier och st\u00f6d till Linn\u00e9dagarna.<\/p>\n<p>Fondens kapital uppg\u00e5r vid \u00e5rsskiftet 2018\/2019 till ca 200 miljoner kr och \u00e4r placerat i aktier och andra v\u00e4rdepapper. Avkastningen p\u00e5 kapitalet finansierar stipendierna och under de senaste \u00e5ren har drygt 5 miljoner kr per \u00e5r delats ut.<\/p>\n<p>Granskningen av stipendieans\u00f6kningarna g\u00f6rs av tv\u00e5 av fondens styrelseledam\u00f6ter, professorer i genetik respektive biokemi. I enlighet med stiftelseurkunden \u00e4r H\u00f6gsta domstolens ordf\u00f6rande \u00e4ven ordf\u00f6rande i fonden och en av domstolens ledam\u00f6ter sekreterare.<\/p>\n<p>Styrelsens sammans\u00e4ttning from den 1 januari 2019: Justitier\u00e5den Anders Eka (ordf.) och Stefan Johansson (sekreterare), professorerna Folke Tjerneld (verkst\u00e4llande ledamot) och Neus Visa, bankdirekt\u00f6ren Lars H\u00f6glund och adjunkten Susanne Fabricius.<\/p>\n","protected":false},"excerpt":{"rendered":"<p>Om Sven och Lilly Lawskis fond f\u00f6r naturvetenskaplig forskning Sven Lawski (1881-1963) var en under sin levnadstid v\u00e4lk\u00e4nd jurist verksam i huvudsak som domare. Vid sidan av domarg\u00e4rningen deltog han i lagstiftningsarbeten framf\u00f6r allt p\u00e5 obest\u00e5ndsr\u00e4ttens omr\u00e5de. Han var ledamot &hellip; <a href=\"https:\/\/www.lawskistiftelsen.se\/?page_id=5\">L\u00e4s mer <span class=\"meta-nav\">&rarr;<\/span><\/a><\/p>\n","protected":false},"author":1,"featured_media":0,"parent":0,"menu_order":0,"comment_status":"open","ping_status":"open","template":"","meta":{"footnotes":""},"class_list":["post-5","page","type-page","status-publish","hentry"],"_links":{"self":[{"href":"https:\/\/www.lawskistiftelsen.se\/index.php?rest_route=\/wp\/v2\/pages\/5","targetHints":{"allow":["GET"]}}],"collection":[{"href":"https:\/\/www.lawskistiftelsen.se\/index.php?rest_route=\/wp\/v2\/pages"}],"about":[{"href":"https:\/\/www.lawskistiftelsen.se\/index.php?rest_route=\/wp\/v2\/types\/page"}],"author":[{"embeddable":true,"href":"https:\/\/www.lawskistiftelsen.se\/index.php?rest_route=\/wp\/v2\/users\/1"}],"replies":[{"embeddable":true,"href":"https:\/\/www.lawskistiftelsen.se\/index.php?rest_route=%2Fwp%2Fv2%2Fcomments&post=5"}],"version-history":[{"count":14,"href":"https:\/\/www.lawskistiftelsen.se\/index.php?rest_route=\/wp\/v2\/pages\/5\/revisions"}],"predecessor-version":[{"id":92,"href":"https:\/\/www.lawskistiftelsen.se\/index.php?rest_route=\/wp\/v2\/pages\/5\/revisions\/92"}],"wp:attachment":[{"href":"https:\/\/www.lawskistiftelsen.se\/index.php?rest_route=%2Fwp%2Fv2%2Fmedia&parent=5"}],"curies":[{"name":"wp","href":"https:\/\/api.w.org\/{rel}","templated":true}]}}