{"id":7,"date":"2013-12-27T12:09:09","date_gmt":"2013-12-27T11:09:09","guid":{"rendered":"http:\/\/www.lawskistiftelsen.se\/?page_id=7"},"modified":"2026-01-21T14:00:36","modified_gmt":"2026-01-21T13:00:36","slug":"stipendier","status":"publish","type":"page","link":"https:\/\/www.lawskistiftelsen.se\/?page_id=7","title":{"rendered":"Stipendier"},"content":{"rendered":"<h2>Stipendier<\/h2>\n<p>Styrelsen f\u00f6r Sven och Lilly Lawskis fond f\u00f6r Naturvetenskaplig forskning delar \u00e5rligen ut stipendium f\u00f6r:<\/p>\n<p>(1) <strong>examensarbeten p\u00e5 masterniv\u00e5<\/strong> omfattande 40 veckors studier \u00e1 60.000 kr<br \/>\n(2) <strong>studier p\u00e5 forskarutbildningsniv\u00e5<\/strong> \u00e1 264.000 kr (22.000 kr per m\u00e5nad)<br \/>\n(3) <strong>studier p\u00e5 post doc niv\u00e5<\/strong> \u00e1 336.000 kr (28.000 kr per m\u00e5nad)<\/p>\n<p>Stipendierna \u00e4r skattefria och \u00e4mnade f\u00f6r h\u00f6gre studier i naturvetenskaplig biokemi eller genetik. Centrala fr\u00e5gor i biokemi ber\u00f6r proteiners struktur och funktion och i genetik genomets organisation, replikation, reparation, evolution och expression p\u00e5 b\u00e5de molekyl-, cell-, individ- och populationsniv\u00e5.<\/p>\n<p>(1)\u00a0\u00a0 \u00a0Stipendier f\u00f6r examensarbeten p\u00e5 masterniv\u00e5 omfattande 40 veckor studier f\u00f6ruts\u00e4tter att stipendiaten \u00e4r registrerad f\u00f6r examensarbete (60 HP) vid naturvetenskaplig institution som bedriver forskning i biokemi eller genetik. Har examensarbetet redan p\u00e5b\u00f6rjats kan man s\u00f6ka f\u00f6r kvarvarande termin.<\/p>\n<p>(2)\u00a0\u00a0 \u00a0F\u00f6r forskarutbildningsstipendium kr\u00e4vs att projektet omfattar biokemisk eller genetisk forskning vid en naturvetenskaplig fakultet vid ett svenskt universitet. Ett intyg fr\u00e5n \u00e4mnesf\u00f6retr\u00e4dare\/prefekt m\u00e5ste inkluderas att han\/hon \u00e4r eller kommer att antas som forskarstuderande om stipendium erh\u00e5lls. Om s\u00e5dant intyg inte kan erh\u00e5llas i f\u00f6rv\u00e4g ska stipendiaten skicka in ett intyg p\u00e5 antagning som forskarstuderande senast den 31 december det \u00e5r stipendiet erh\u00e5llits.<br \/>\nStipendiet kan inte prolongeras. Enligt H\u00f6gskolef\u00f6rordningen ska forskarstuderande som antagits efter den 1\/7 2018 anst\u00e4llas av h\u00f6gskolan n\u00e4r utbildningstiden som \u00e5terst\u00e5r motsvarar tre \u00e5r p\u00e5 heltid.<br \/>\nF\u00f6r doktorander som antagits f\u00f6re den 1\/7 2018 g\u00e4ller att stipendiet inte kan prolongeras efter det att stipendiaten har innehaft stipendiet i fyra \u00e5r.<\/p>\n<p>(3)\u00a0\u00a0 \u00a0F\u00f6r post doc stipendium kr\u00e4vs att den s\u00f6kande \u00f6nskar bedriva biokemisk eller genetisk forskning vid en naturvetenskaplig fakultet vid ett svenskt universitet. Ett intyg om arbetsplats fr\u00e5n mottagande l\u00e4ros\u00e4te m\u00e5ste bifogas. Stipendiet kan prolongeras ytterligare ett \u00e5r. S\u00e5vida inte s\u00e4rskilda sk\u00e4l f\u00f6religger ska doktorsexamen inte vara \u00e4ldre \u00e4n 6 \u00e5r, dvs doktorsexamen ska vara avlagd senare \u00e4n 6 \u00e5r f\u00f6re sista ans\u00f6kningsdag. S\u00e4rskilda sk\u00e4l kan utg\u00f6ras av exempelvis dokumenterad f\u00f6r\u00e4ldraledighet och l\u00e5ngtidssjukskrivning.<\/p>\n<p>S\u00f6kande till post doc stipendium f\u00e5r inte ha haft anst\u00e4llning vid l\u00e4ros\u00e4tet under de senaste tv\u00e5 \u00e5ren.<\/p>\n<p>Stiftelsen behandlar bara ans\u00f6kningar inkomna via det elektroniska ans\u00f6kningssystemet.<\/p>\n<p>Ans\u00f6kningstiden f\u00f6r nya stipendier l\u00f6per mellan 1:a mars och 15:e april och f\u00f6r prolongering av stipendium mellan den 1:a och 28:e februari.<\/p>\n<p><a title=\"Ans\u00f6kningssystemet\" href=\"http:\/\/ansokan.3ddata.se\/start.3d?r=84853503\" target=\"_blank\" rel=\"noopener noreferrer\">Till ans\u00f6kningssystemet<\/a><\/p>\n","protected":false},"excerpt":{"rendered":"<p>Stipendier Styrelsen f\u00f6r Sven och Lilly Lawskis fond f\u00f6r Naturvetenskaplig forskning delar \u00e5rligen ut stipendium f\u00f6r: (1) examensarbeten p\u00e5 masterniv\u00e5 omfattande 40 veckors studier \u00e1 60.000 kr (2) studier p\u00e5 forskarutbildningsniv\u00e5 \u00e1 264.000 kr (22.000 kr per m\u00e5nad) (3) studier &hellip; <a href=\"https:\/\/www.lawskistiftelsen.se\/?page_id=7\">L\u00e4s mer <span class=\"meta-nav\">&rarr;<\/span><\/a><\/p>\n","protected":false},"author":1,"featured_media":0,"parent":0,"menu_order":0,"comment_status":"open","ping_status":"open","template":"","meta":{"footnotes":""},"class_list":["post-7","page","type-page","status-publish","hentry"],"_links":{"self":[{"href":"https:\/\/www.lawskistiftelsen.se\/index.php?rest_route=\/wp\/v2\/pages\/7","targetHints":{"allow":["GET"]}}],"collection":[{"href":"https:\/\/www.lawskistiftelsen.se\/index.php?rest_route=\/wp\/v2\/pages"}],"about":[{"href":"https:\/\/www.lawskistiftelsen.se\/index.php?rest_route=\/wp\/v2\/types\/page"}],"author":[{"embeddable":true,"href":"https:\/\/www.lawskistiftelsen.se\/index.php?rest_route=\/wp\/v2\/users\/1"}],"replies":[{"embeddable":true,"href":"https:\/\/www.lawskistiftelsen.se\/index.php?rest_route=%2Fwp%2Fv2%2Fcomments&post=7"}],"version-history":[{"count":19,"href":"https:\/\/www.lawskistiftelsen.se\/index.php?rest_route=\/wp\/v2\/pages\/7\/revisions"}],"predecessor-version":[{"id":130,"href":"https:\/\/www.lawskistiftelsen.se\/index.php?rest_route=\/wp\/v2\/pages\/7\/revisions\/130"}],"wp:attachment":[{"href":"https:\/\/www.lawskistiftelsen.se\/index.php?rest_route=%2Fwp%2Fv2%2Fmedia&parent=7"}],"curies":[{"name":"wp","href":"https:\/\/api.w.org\/{rel}","templated":true}]}}