{"id":9,"date":"2013-12-27T12:09:20","date_gmt":"2013-12-27T11:09:20","guid":{"rendered":"http:\/\/www.lawskistiftelsen.se\/?page_id=9"},"modified":"2024-07-05T07:22:26","modified_gmt":"2024-07-05T05:22:26","slug":"kontakt","status":"publish","type":"page","link":"https:\/\/www.lawskistiftelsen.se\/?page_id=9","title":{"rendered":"Kontakt"},"content":{"rendered":"<h2>Kontakta stiftelsen<\/h2>\n<p>Fr\u00e5gor som r\u00f6r stipendieans\u00f6kan, prolongeringar och eventuella avslutande av forskningen i f\u00f6rtid:<br \/>\nVerkst\u00e4llande ledamoten, professor Folke Tjerneld, e-post folke.tjerneld ((at)) biochemistry.lu.se<\/p>\n<p>Fr\u00e5gor som r\u00f6r utbetalning av beviljade stipendier:<br \/>\nHandelsbankens stiftelsetj\u00e4nst, Ida Hedsk\u00f6ld, e-post ida.hedskold ((at)) handelsbanken.se<\/p>\n<p>\u00d6vriga fr\u00e5gor:<br \/>\nSekreteraren, Stefan Johansson, e-post stefan.l.johansson ((at)) dom.se<\/p>\n","protected":false},"excerpt":{"rendered":"<p>Kontakta stiftelsen Fr\u00e5gor som r\u00f6r stipendieans\u00f6kan, prolongeringar och eventuella avslutande av forskningen i f\u00f6rtid: Verkst\u00e4llande ledamoten, professor Folke Tjerneld, e-post folke.tjerneld ((at)) biochemistry.lu.se Fr\u00e5gor som r\u00f6r utbetalning av beviljade stipendier: Handelsbankens stiftelsetj\u00e4nst, Ida Hedsk\u00f6ld, e-post ida.hedskold ((at)) handelsbanken.se \u00d6vriga fr\u00e5gor: &hellip; <a href=\"https:\/\/www.lawskistiftelsen.se\/?page_id=9\">L\u00e4s mer <span class=\"meta-nav\">&rarr;<\/span><\/a><\/p>\n","protected":false},"author":1,"featured_media":0,"parent":0,"menu_order":0,"comment_status":"open","ping_status":"open","template":"","meta":{"footnotes":""},"class_list":["post-9","page","type-page","status-publish","hentry"],"_links":{"self":[{"href":"https:\/\/www.lawskistiftelsen.se\/index.php?rest_route=\/wp\/v2\/pages\/9","targetHints":{"allow":["GET"]}}],"collection":[{"href":"https:\/\/www.lawskistiftelsen.se\/index.php?rest_route=\/wp\/v2\/pages"}],"about":[{"href":"https:\/\/www.lawskistiftelsen.se\/index.php?rest_route=\/wp\/v2\/types\/page"}],"author":[{"embeddable":true,"href":"https:\/\/www.lawskistiftelsen.se\/index.php?rest_route=\/wp\/v2\/users\/1"}],"replies":[{"embeddable":true,"href":"https:\/\/www.lawskistiftelsen.se\/index.php?rest_route=%2Fwp%2Fv2%2Fcomments&post=9"}],"version-history":[{"count":17,"href":"https:\/\/www.lawskistiftelsen.se\/index.php?rest_route=\/wp\/v2\/pages\/9\/revisions"}],"predecessor-version":[{"id":124,"href":"https:\/\/www.lawskistiftelsen.se\/index.php?rest_route=\/wp\/v2\/pages\/9\/revisions\/124"}],"wp:attachment":[{"href":"https:\/\/www.lawskistiftelsen.se\/index.php?rest_route=%2Fwp%2Fv2%2Fmedia&parent=9"}],"curies":[{"name":"wp","href":"https:\/\/api.w.org\/{rel}","templated":true}]}}